{"id":31,"date":"2026-03-08T06:46:32","date_gmt":"2026-03-08T06:46:32","guid":{"rendered":"https:\/\/expomanualidadeseideascreativas.info\/?page_id=31"},"modified":"2026-04-13T20:32:29","modified_gmt":"2026-04-13T20:32:29","slug":"inicio","status":"publish","type":"page","link":"https:\/\/expomanualidadeseideascreativas.info\/","title":{"rendered":"Inicio"},"content":{"rendered":"\n<div class=\"wp-block-kadence-column kadence-column31_efeb6d-a9\"><div class=\"kt-inside-inner-col\"><\/div><\/div>\n\n\n\n<figure class=\"wp-block-kadence-image kb-image31_6493fe-a6 alignfull size-large\"><img loading=\"lazy\" decoding=\"async\" width=\"1024\" height=\"485\" src=\"https:\/\/expomanualidadeseideascreativas.info\/wp-content\/uploads\/2026\/03\/banner1_Mesa-de-trabajo-1-1024x485.png\" alt=\"\" class=\"kb-img wp-image-101\" srcset=\"https:\/\/expomanualidadeseideascreativas.info\/wp-content\/uploads\/2026\/03\/banner1_Mesa-de-trabajo-1-1024x485.png 1024w, https:\/\/expomanualidadeseideascreativas.info\/wp-content\/uploads\/2026\/03\/banner1_Mesa-de-trabajo-1-300x142.png 300w, https:\/\/expomanualidadeseideascreativas.info\/wp-content\/uploads\/2026\/03\/banner1_Mesa-de-trabajo-1-768x364.png 768w, https:\/\/expomanualidadeseideascreativas.info\/wp-content\/uploads\/2026\/03\/banner1_Mesa-de-trabajo-1-1536x728.png 1536w, https:\/\/expomanualidadeseideascreativas.info\/wp-content\/uploads\/2026\/03\/banner1_Mesa-de-trabajo-1-100x47.png 100w, https:\/\/expomanualidadeseideascreativas.info\/wp-content\/uploads\/2026\/03\/banner1_Mesa-de-trabajo-1-150x71.png 150w, https:\/\/expomanualidadeseideascreativas.info\/wp-content\/uploads\/2026\/03\/banner1_Mesa-de-trabajo-1-200x95.png 200w, https:\/\/expomanualidadeseideascreativas.info\/wp-content\/uploads\/2026\/03\/banner1_Mesa-de-trabajo-1-450x213.png 450w, https:\/\/expomanualidadeseideascreativas.info\/wp-content\/uploads\/2026\/03\/banner1_Mesa-de-trabajo-1-600x284.png 600w, https:\/\/expomanualidadeseideascreativas.info\/wp-content\/uploads\/2026\/03\/banner1_Mesa-de-trabajo-1-900x427.png 900w, https:\/\/expomanualidadeseideascreativas.info\/wp-content\/uploads\/2026\/03\/banner1_Mesa-de-trabajo-1.png 1920w\" sizes=\"auto, (max-width: 1024px) 100vw, 1024px\" \/><\/figure>\n\n\n\n<div style=\"height:50px\" aria-hidden=\"true\" class=\"wp-block-spacer\"><\/div>\n\n\n\n<div class=\"wp-block-essential-blocks-image-gallery  root-eb-image-gallery-yop8d\"><div class=\"eb-parent-wrapper eb-parent-eb-image-gallery-yop8d \"><div class=\"eb-gallery-img-wrapper eb-image-gallery-yop8d preset-4 v2 masonry null enable-isotope    \" data-id=\"eb-image-gallery-yop8d\" data-default-filter=\"*\" data-searchfilter=\"false\"><div class=\"grid-sizer\"><\/div><div data-type=\"image\" class=\"eb-gallery-img-content  eb-filter-img-filter-item-1\"><div class=\"eb-gallery-link-wrapper\"><img decoding=\"async\" class=\"eb-gallery-img\" src=\"https:\/\/expomanualidadeseideascreativas.info\/wp-content\/uploads\/2026\/03\/623710816_886682244289154_3554777795948606976_n.jpg\" image-index=\"1\" alt=\"\"\/><div class=\"eb-img-gallery-overlay\"><div class=\"eb-img-gallery-actions\"><a href=\"https:\/\/expomanualidadeseideascreativas.info\/wp-content\/uploads\/2026\/03\/623710816_886682244289154_3554777795948606976_n.jpg\" data-fslightbox=\"gallery\" class=\"eb-img-gallery-action\"><i icon=\"fas fa-plus\" class=\"fas fa-plus \"><\/i><\/a><a href=\"#\" target=\"_self\" rel=\"noopener\" class=\"eb-img-gallery-action\"><i icon=\"fas fa-link\" class=\"fas fa-link \"><\/i><\/a><\/div><div class=\"eb-img-gallery-content\"><div class=\"eb-gallery-img-caption\">Veracruz<\/div><div class=\"eb-gallery-img-description\">Del 05 al 07 Febrero 2026<\/div><\/div><\/div><\/div><\/div><div data-type=\"image\" class=\"eb-gallery-img-content  eb-filter-img-\"><div class=\"eb-gallery-link-wrapper\"><img decoding=\"async\" class=\"eb-gallery-img\" src=\"https:\/\/expomanualidadeseideascreativas.info\/wp-content\/uploads\/2026\/03\/623250882_886682260955819_6901808136685193765_n.jpg\" image-index=\"2\" alt=\"\"\/><div class=\"eb-img-gallery-overlay\"><div class=\"eb-img-gallery-actions\"><a href=\"https:\/\/expomanualidadeseideascreativas.info\/wp-content\/uploads\/2026\/03\/623250882_886682260955819_6901808136685193765_n.jpg\" data-fslightbox=\"gallery\" class=\"eb-img-gallery-action\"><i icon=\"fas fa-plus\" class=\"fas fa-plus \"><\/i><\/a><a href=\"#\" target=\"_self\" rel=\"noopener\" class=\"eb-img-gallery-action\"><i icon=\"fas fa-link\" class=\"fas fa-link \"><\/i><\/a><\/div><div class=\"eb-img-gallery-content\"><div class=\"eb-gallery-img-caption\">Coapa<\/div><div class=\"eb-gallery-img-description\">Del 05 al 07 de marzo 2026<\/div><\/div><\/div><\/div><\/div><div data-type=\"image\" class=\"eb-gallery-img-content  eb-filter-img-filter-item-1\"><div class=\"eb-gallery-link-wrapper\"><img decoding=\"async\" class=\"eb-gallery-img\" src=\"https:\/\/expomanualidadeseideascreativas.info\/wp-content\/uploads\/2026\/03\/622394530_886682277622484_3487831255258889212_n.jpg\" image-index=\"3\" alt=\"\"\/><div class=\"eb-img-gallery-overlay\"><div class=\"eb-img-gallery-actions\"><a href=\"https:\/\/expomanualidadeseideascreativas.info\/wp-content\/uploads\/2026\/03\/622394530_886682277622484_3487831255258889212_n.jpg\" data-fslightbox=\"gallery\" class=\"eb-img-gallery-action\"><i icon=\"fas fa-plus\" class=\"fas fa-plus \"><\/i><\/a><a href=\"https:\/\/expomanualidadeseideascreativas.info\/index.php\/event\/expo-manualidades-e-ideas-creativas-leon-guanajuato\/\" target=\"_self\" rel=\"noopener\" class=\"eb-img-gallery-action\"><i icon=\"fas fa-link\" class=\"fas fa-link \"><\/i><\/a><\/div><div class=\"eb-img-gallery-content\"><div class=\"eb-gallery-img-caption\">Leon<\/div><div class=\"eb-gallery-img-description\">Del 20 al 22 de marzo 2026<\/div><\/div><\/div><\/div><\/div><div data-type=\"image\" class=\"eb-gallery-img-content  eb-filter-img-\"><div class=\"eb-gallery-link-wrapper\"><img decoding=\"async\" class=\"eb-gallery-img\" src=\"https:\/\/expomanualidadeseideascreativas.info\/wp-content\/uploads\/2026\/03\/623365690_886682314289147_8465576338920475174_n.jpg\" image-index=\"4\" alt=\"\"\/><div class=\"eb-img-gallery-overlay\"><div class=\"eb-img-gallery-actions\"><a href=\"https:\/\/expomanualidadeseideascreativas.info\/wp-content\/uploads\/2026\/03\/623365690_886682314289147_8465576338920475174_n.jpg\" data-fslightbox=\"gallery\" class=\"eb-img-gallery-action\"><i icon=\"fas fa-plus\" class=\"fas fa-plus \"><\/i><\/a><a href=\"https:\/\/expomanualidadeseideascreativas.info\/index.php\/event\/expo-manualidades-e-ideas-creativas-tampico\/\" target=\"_self\" rel=\"noopener\" class=\"eb-img-gallery-action\"><i icon=\"fas fa-link\" class=\"fas fa-link \"><\/i><\/a><\/div><div class=\"eb-img-gallery-content\"><div class=\"eb-gallery-img-caption\">Tampico<\/div><div class=\"eb-gallery-img-description\">Del 4 al 5 de junio 2026<\/div><\/div><\/div><\/div><\/div><div data-type=\"image\" class=\"eb-gallery-img-content  eb-filter-img-filter-item-1\"><div class=\"eb-gallery-link-wrapper\"><img decoding=\"async\" class=\"eb-gallery-img\" src=\"https:\/\/expomanualidadeseideascreativas.info\/wp-content\/uploads\/2026\/03\/623856564_886682357622476_6322260042389351154_n.jpg\" image-index=\"5\" alt=\"\"\/><div class=\"eb-img-gallery-overlay\"><div class=\"eb-img-gallery-actions\"><a href=\"https:\/\/expomanualidadeseideascreativas.info\/wp-content\/uploads\/2026\/03\/623856564_886682357622476_6322260042389351154_n.jpg\" data-fslightbox=\"gallery\" class=\"eb-img-gallery-action\"><i icon=\"fas fa-plus\" class=\"fas fa-plus \"><\/i><\/a><a href=\"https:\/\/expomanualidadeseideascreativas.info\/index.php\/event\/expo-manualidades-e-ideas-creativas-la-roma\/\" target=\"_self\" rel=\"noopener\" class=\"eb-img-gallery-action\"><i icon=\"fas fa-link\" class=\"fas fa-link \"><\/i><\/a><\/div><div class=\"eb-img-gallery-content\"><div class=\"eb-gallery-img-caption\">Col Roma<\/div><div class=\"eb-gallery-img-description\">Del 18 al 20 de Junio 2026<\/div><\/div><\/div><\/div><\/div><div data-type=\"image\" class=\"eb-gallery-img-content  eb-filter-img-filter-item-1\"><div class=\"eb-gallery-link-wrapper\"><img decoding=\"async\" class=\"eb-gallery-img\" src=\"https:\/\/expomanualidadeseideascreativas.info\/wp-content\/uploads\/2026\/03\/623698143_886682340955811_5779632313392714568_n.jpg\" image-index=\"6\" alt=\"\"\/><div class=\"eb-img-gallery-overlay\"><div class=\"eb-img-gallery-actions\"><a href=\"https:\/\/expomanualidadeseideascreativas.info\/wp-content\/uploads\/2026\/03\/623698143_886682340955811_5779632313392714568_n.jpg\" data-fslightbox=\"gallery\" class=\"eb-img-gallery-action\"><i icon=\"fas fa-plus\" class=\"fas fa-plus \"><\/i><\/a><a href=\"#\" target=\"_self\" rel=\"noopener\" class=\"eb-img-gallery-action\"><i icon=\"fas fa-link\" class=\"fas fa-link \"><\/i><\/a><\/div><div class=\"eb-img-gallery-content\"><div class=\"eb-gallery-img-caption\">Morelia<\/div><div class=\"eb-gallery-img-description\">Del 16 al 17 de julio 2026<\/div><\/div><\/div><\/div><\/div><div data-type=\"image\" class=\"eb-gallery-img-content  eb-filter-img-\"><div class=\"eb-gallery-link-wrapper\"><img decoding=\"async\" class=\"eb-gallery-img\" src=\"https:\/\/expomanualidadeseideascreativas.info\/wp-content\/uploads\/2026\/03\/622392780_886682410955804_7915361467513519051_n.jpg\" image-index=\"7\" alt=\"\"\/><div class=\"eb-img-gallery-overlay\"><div class=\"eb-img-gallery-actions\"><a href=\"https:\/\/expomanualidadeseideascreativas.info\/wp-content\/uploads\/2026\/03\/622392780_886682410955804_7915361467513519051_n.jpg\" data-fslightbox=\"gallery\" class=\"eb-img-gallery-action\"><i icon=\"fas fa-plus\" class=\"fas fa-plus \"><\/i><\/a><a href=\"https:\/\/expomanualidadeseideascreativas.info\/index.php\/event\/expo-manualidades-e-ideas-creativas-puebla\/\" target=\"_self\" rel=\"noopener\" class=\"eb-img-gallery-action\"><i icon=\"fas fa-link\" class=\"fas fa-link \"><\/i><\/a><\/div><div class=\"eb-img-gallery-content\"><div class=\"eb-gallery-img-caption\">Puebla<\/div><div class=\"eb-gallery-img-description\">Del 18 al 20 de septiembre 2026<\/div><\/div><\/div><\/div><\/div><\/div><\/div><\/div>\n\n\n\n\n\n<div id=\"wp-block-themeisle-blocks-advanced-columns-d738bad6\" class=\"wp-block-themeisle-blocks-advanced-columns alignfull has-1-columns has-desktop-equal-layout has-tablet-equal-layout has-mobile-collapsedRows-layout has-vertical-center ticss-c00aadba has-light-bg\"><div class=\"wp-block-themeisle-blocks-advanced-columns-overlay\"><\/div><div class=\"innerblocks-wrap\">\n<div id=\"wp-block-themeisle-blocks-advanced-column-bbd8db2b\" class=\"wp-block-themeisle-blocks-advanced-column\">\n<div id=\"wp-block-themeisle-blocks-advanced-columns-8a6512ea\" class=\"wp-block-themeisle-blocks-advanced-columns has-1-columns has-desktop-equal-layout has-tablet-equal-layout has-mobile-equal-layout has-vertical-center\"><div class=\"wp-block-themeisle-blocks-advanced-columns-overlay\"><\/div><div class=\"innerblocks-wrap\">\n<div id=\"wp-block-themeisle-blocks-advanced-column-e8b18065\" class=\"wp-block-themeisle-blocks-advanced-column\">\n<h2 class=\"wp-block-heading has-text-align-center has-text-color has-link-color wp-elements-5b68f42613eae1187ee89707703f1202\" style=\"color:#070731\">Experiencia y calidad<\/h2>\n\n\n\n<p class=\"has-text-align-center\">Nuestra trayectoria no se mide solo en a\u00f1os, sino en la confianza de miles de expositores y visitantes que han formado parte de nuestra historia. Al elegirnos, te integras a un ecosistema dise\u00f1ado para el \u00e9xito.<\/p>\n<\/div>\n<\/div><\/div>\n\n\n\n<div id=\"wp-block-themeisle-blocks-advanced-columns-7f744968\" class=\"wp-block-themeisle-blocks-advanced-columns has-3-columns has-desktop-equal-layout has-tablet-equal-layout has-mobile-collapsedRows-layout has-vertical-top\"><div class=\"wp-block-themeisle-blocks-advanced-columns-overlay\"><\/div><div class=\"innerblocks-wrap\">\n<div id=\"wp-block-themeisle-blocks-advanced-column-1430d2f1\" class=\"wp-block-themeisle-blocks-advanced-column\">\n<div id=\"wp-block-themeisle-blocks-flip-123c6ebb\" class=\"wp-block-themeisle-blocks-flip anim flipX has-light-back-bg\"><div class=\"o-flip-inner\"><div class=\"o-flip-front\"><div class=\"o-flip-content\"><h3>Calidad<\/h3><p><\/p><\/div><\/div><div class=\"o-flip-back\">\n<h3 class=\"wp-block-heading advgb-dyn-fa7d8639\">Calidad<\/h3>\n\n\n\n<p class=\"has-text-color has-link-color wp-elements-59e07b2cff37ea729697dcab7f9410d0\" style=\"color:#070731\">La calidad no es un est\u00e1ndar, es nuestro compromiso diario. Nos esforzamos por ofrecer:<\/p>\n\n\n\n<p class=\"has-text-color has-link-color wp-elements-602f098c3139f28f02b1dfd57ce316cb\" style=\"color:#070731\"><strong>Espacios Profesionales:<\/strong> Elegimos las mejores sedes en puntos estrat\u00e9gicos (como Veracruz, Quer\u00e9taro y la Ciudad de M\u00e9xico) para garantizar comodidad, seguridad y flujo constante de visitantes.<\/p>\n\n\n\n<p><strong>Curadur\u00eda de Expositores:<\/strong> Seleccionamos cuidadosamente a los participantes para asegurar una oferta variada, innovadora y de alto nivel.<\/p>\n<\/div><\/div><\/div>\n<\/div>\n\n\n\n<div id=\"wp-block-themeisle-blocks-advanced-column-4b138e01\" class=\"wp-block-themeisle-blocks-advanced-column\">\n<div id=\"wp-block-themeisle-blocks-flip-2c636530\" class=\"wp-block-themeisle-blocks-flip anim flipX has-light-back-bg\"><div class=\"o-flip-inner\"><div class=\"o-flip-front\"><div class=\"o-flip-content\"><img decoding=\"async\" class=\"o-img\" src=\"https:\/\/expomanualidadeseideascreativas.info\/wp-content\/uploads\/2026\/03\/627389762_895915336699178_2817612908179844662_n.jpg\" srcset=\"https:\/\/expomanualidadeseideascreativas.info\/wp-content\/uploads\/2026\/03\/627389762_895915336699178_2817612908179844662_n.jpg\" alt=\"\"\/><h3>Confianza<\/h3><p><\/p><\/div><\/div><div class=\"o-flip-back\">\n<h3 class=\"wp-block-heading has-text-color\" style=\"color:#ee3832;margin-top:0px\">Confianza<\/h3>\n\n\n\n<p class=\"has-text-color has-link-color wp-elements-0e6128fbe2da4fb23e5f8d273171db6f\" style=\"color:#070731\">Contamos con un historial s\u00f3lido en la organizaci\u00f3n de eventos especializados. Esta trayectoria nos permite:<\/p>\n\n\n\n<p class=\"has-text-color has-link-color wp-elements-afac4adda35feb3ba7544f87172407d7\" style=\"color:#070731\"><strong>Conocimiento del Mercado:<\/strong> Sabemos qu\u00e9 busca el p\u00fablico y c\u00f3mo atraer a los perfiles adecuados para cada edici\u00f3n.<\/p>\n\n\n\n<p><strong>Log\u00edstica Impecable:<\/strong> Entendemos cada detalle operativo, desde el montaje hasta la atenci\u00f3n al cliente, garantizando que tu \u00fanica preocupaci\u00f3n sea disfrutar o hacer negocios.<\/p>\n<\/div><\/div><\/div>\n<\/div>\n\n\n\n<div id=\"wp-block-themeisle-blocks-advanced-column-eefc33b9\" class=\"wp-block-themeisle-blocks-advanced-column\">\n<div id=\"wp-block-themeisle-blocks-flip-6323a328\" class=\"wp-block-themeisle-blocks-flip anim flipX-rev\"><div class=\"o-flip-inner\"><div class=\"o-flip-front\"><div class=\"o-flip-content\"><h3>Inovacion<\/h3><p><\/p><\/div><\/div><div class=\"o-flip-back\">\n<h3 class=\"wp-block-heading has-text-color\" style=\"color:#ee3832;margin-top:0px\">Innovation<\/h3>\n\n\n\n<p class=\"has-text-color has-link-color wp-elements-831a6a74ccf1c0923feb1cb1aefeff80\" style=\"color:#070731\">M\u00e1s que una expo, somos un punto de encuentro. Nuestros eventos est\u00e1n dise\u00f1ados para:<\/p>\n\n\n\n<p class=\"has-text-color has-link-color wp-elements-a9bef96e44eaebfdb58d14aa049d3b30\" style=\"color:#070731\"><strong>Impulsar el Aprendizaje:<\/strong> Integramos talleres y demostraciones que aportan un valor educativo, elevando el est\u00e1ndar del sector.<\/p>\n\n\n\n<p><strong>Fomentar el Networking:<\/strong> Creamos el ambiente ideal para que artesanos, proveedores y emprendedores generen alianzas estrat\u00e9gicas.<\/p>\n<\/div><\/div><\/div>\n<\/div>\n<\/div><\/div>\n\n\n\n<div id=\"wp-block-themeisle-blocks-advanced-columns-1739627e\" class=\"wp-block-themeisle-blocks-advanced-columns has-1-columns has-desktop-equal-layout has-tablet-equal-layout has-mobile-equal-layout has-vertical-unset\"><div class=\"wp-block-themeisle-blocks-advanced-columns-overlay\"><\/div><div class=\"innerblocks-wrap\">\n<div id=\"wp-block-themeisle-blocks-advanced-column-11249f58\" class=\"wp-block-themeisle-blocks-advanced-column\">\n<p class=\"has-text-color has-link-color wp-elements-f38bcd6c14826e523455e41ed46906d8\" style=\"color:#070731\"><strong>Nuestra Filosof\u00eda:<\/strong> Creemos que la excelencia es el resultado de la atenci\u00f3n al detalle y la pasi\u00f3n por lo que hacemos. No solo organizamos eventos; construimos espacios donde la creatividad y el profesionalismo se encuentran.<\/p>\n<\/div>\n<\/div><\/div>\n<\/div>\n<\/div><\/div>\n\n\n\n<div class=\"wp-block-essential-blocks-team-member alignfull animated backInUp delay-100ms o-anim-offset-30px  root-eb-team-member-r36jy\"><div class=\"eb-parent-wrapper eb-parent-eb-team-member-r36jy \"><div class=\"eb-team-member-r36jy eb-team-wrapper preset1  \"><div class=\"eb-team-inner\"><div class=\"eb-team-member-image\"><img decoding=\"async\" class=\"eb-team-member-avatar\" src=\"https:\/\/expomanualidadeseideascreativas.info\/wp-content\/uploads\/2026\/03\/pexels-photo-5256819-5256819.jpg\" alt=\"Overhead view of a diverse team placing hands together in a sign of unity during a meeting.\"\/><\/div><div class=\"eb-team-member-contents\"><div class=\"eb-team-member-texts\"><h3 class=\"eb-team-member-name\">Equipo<\/h3><hr class=\"eb-team-member-content-separator\"\/><p class=\"eb-team-member-description\">\u00abNo solo somos expertos en lo que hacemos, somos apasionados de las grandes ideas. Contamos con las mentes inquietas y los corazones creativos que dan vida a tus proyectos.\u00bb<\/p><\/div><\/div><\/div><\/div><\/div><\/div>\n<style class=\"advgb-styles-renderer\">.kadence-column31_efeb6d-a9 > .kt-inside-inner-col{display:flex;}.kadence-column31_efeb6d-a9{max-width:100%;margin-left:auto;margin-right:auto;}.wp-block-kadence-column.kb-section-dir-horizontal:not(.kb-section-md-dir-vertical)>.kt-inside-inner-col>.kadence-column31_efeb6d-a9{-webkit-flex:0 1 100%;flex:0 1 100%;max-width:unset;margin-left:unset;margin-right:unset;}.kadence-column31_efeb6d-a9 > .kt-inside-inner-col,.kadence-column31_efeb6d-a9 > .kt-inside-inner-col:before{border-top-left-radius:0px;border-top-right-radius:0px;border-bottom-right-radius:0px;border-bottom-left-radius:0px;}.kadence-column31_efeb6d-a9 > .kt-inside-inner-col{row-gap:var(--global-kb-gap-none, 0rem );column-gap:var(--global-kb-gap-sm, 1rem);}.kadence-column31_efeb6d-a9 > .kt-inside-inner-col{flex-direction:column;justify-content:center;align-items:center;}.kadence-column31_efeb6d-a9 > .kt-inside-inner-col > .kb-image-is-ratio-size{align-self:stretch;}.kadence-column31_efeb6d-a9 > .kt-inside-inner-col > .wp-block-kadence-advancedgallery{align-self:stretch;}.kadence-column31_efeb6d-a9 > .kt-inside-inner-col > .aligncenter{width:100%;}.kt-row-column-wrap > .kadence-column31_efeb6d-a9{align-self:center;}.kt-inner-column-height-full:not(.kt-has-1-columns) > .wp-block-kadence-column.kadence-column31_efeb6d-a9{align-self:auto;}.kt-inner-column-height-full:not(.kt-has-1-columns) > .wp-block-kadence-column.kadence-column31_efeb6d-a9 > .kt-inside-inner-col{flex-direction:column;justify-content:center;}.kadence-column31_efeb6d-a9 > .kt-inside-inner-col:before{opacity:0.3;}.kadence-column31_efeb6d-a9{text-align:center;}.kadence-column31_efeb6d-a9{position:relative;}.kadence-column31_efeb6d-a9, .kt-inside-inner-col > .kadence-column31_efeb6d-a9:not(.specificity){margin-top:-30px;}@media all and (min-width: 1025px){.wp-block-kadence-column.kb-section-dir-horizontal>.kt-inside-inner-col>.kadence-column31_efeb6d-a9{-webkit-flex:0 1 100%;flex:0 1 100%;max-width:unset;margin-left:unset;margin-right:unset;}}@media all and (max-width: 1024px){.kt-row-column-wrap > .kadence-column31_efeb6d-a9{align-self:center;}}@media all and (max-width: 1024px){.kt-inner-column-height-full:not(.kt-has-1-columns) > .wp-block-kadence-column.kadence-column31_efeb6d-a9{align-self:auto;}}@media all and (max-width: 1024px){.kt-inner-column-height-full:not(.kt-has-1-columns) > .wp-block-kadence-column.kadence-column31_efeb6d-a9 > .kt-inside-inner-col{flex-direction:column;justify-content:center;}}@media all and (max-width: 1024px){.kadence-column31_efeb6d-a9 > .kt-inside-inner-col{flex-direction:column;justify-content:center;align-items:center;}}@media all and (max-width: 767px){.kt-row-column-wrap > .kadence-column31_efeb6d-a9{align-self:center;}.kt-inner-column-height-full:not(.kt-has-1-columns) > .wp-block-kadence-column.kadence-column31_efeb6d-a9{align-self:auto;}.kt-inner-column-height-full:not(.kt-has-1-columns) > .wp-block-kadence-column.kadence-column31_efeb6d-a9 > .kt-inside-inner-col{flex-direction:column;justify-content:center;}.wp-block-kadence-column.kb-section-sm-dir-vertical:not(.kb-section-sm-dir-horizontal):not(.kb-section-sm-dir-specificity)>.kt-inside-inner-col>.kadence-column31_efeb6d-a9{max-width:100%;-webkit-flex:1;flex:1;margin-left:auto;margin-right:auto;}.kadence-column31_efeb6d-a9 > .kt-inside-inner-col{flex-direction:column;justify-content:center;align-items:center;}}.kb-image31_6493fe-a6 .kb-image-has-overlay:after{opacity:0.3;}<\/style>","protected":false},"excerpt":{"rendered":"","protected":false},"author":1,"featured_media":0,"parent":0,"menu_order":0,"comment_status":"closed","ping_status":"closed","template":"","meta":{"_eb_attr":"","advgb_blocks_editor_width":"","advgb_blocks_columns_visual_guide":"","_themeisle_gutenberg_block_has_review":false,"footnotes":""},"class_list":["post-31","page","type-page","status-publish","hentry"],"coauthors":[],"author_meta":{"author_link":"https:\/\/expomanualidadeseideascreativas.info\/index.php\/author\/luperez74_emeic\/","display_name":"admin"},"relative_dates":{"created":"Publicado 2 meses hace","modified":"Actualizado 2 semanas hace"},"absolute_dates":{"created":"Publicado el marzo 8, 2026","modified":"Actualizado el abril 13, 2026"},"absolute_dates_time":{"created":"Publicado el marzo 8, 2026 6:46 am","modified":"Actualizado el abril 13, 2026 8:32 pm"},"featured_img_caption":"","featured_img":false,"series_order":"","jetpack_sharing_enabled":true,"_links":{"self":[{"href":"https:\/\/expomanualidadeseideascreativas.info\/index.php\/wp-json\/wp\/v2\/pages\/31","targetHints":{"allow":["GET"]}}],"collection":[{"href":"https:\/\/expomanualidadeseideascreativas.info\/index.php\/wp-json\/wp\/v2\/pages"}],"about":[{"href":"https:\/\/expomanualidadeseideascreativas.info\/index.php\/wp-json\/wp\/v2\/types\/page"}],"author":[{"embeddable":true,"href":"https:\/\/expomanualidadeseideascreativas.info\/index.php\/wp-json\/wp\/v2\/users\/1"}],"replies":[{"embeddable":true,"href":"https:\/\/expomanualidadeseideascreativas.info\/index.php\/wp-json\/wp\/v2\/comments?post=31"}],"version-history":[{"count":86,"href":"https:\/\/expomanualidadeseideascreativas.info\/index.php\/wp-json\/wp\/v2\/pages\/31\/revisions"}],"predecessor-version":[{"id":344,"href":"https:\/\/expomanualidadeseideascreativas.info\/index.php\/wp-json\/wp\/v2\/pages\/31\/revisions\/344"}],"wp:attachment":[{"href":"https:\/\/expomanualidadeseideascreativas.info\/index.php\/wp-json\/wp\/v2\/media?parent=31"}],"curies":[{"name":"wp","href":"https:\/\/api.w.org\/{rel}","templated":true}]}}